{"id":481,"date":"2019-01-26T10:17:03","date_gmt":"2019-01-26T09:17:03","guid":{"rendered":"http:\/\/www.raktres.net\/blog\/?page_id=481"},"modified":"2021-10-25T19:20:51","modified_gmt":"2021-10-25T17:20:51","slug":"seizenn-un-outil-pour-le-tissage-de-bandes","status":"publish","type":"page","link":"https:\/\/www.raktres.net\/blog\/seizenn-un-outil-pour-le-tissage-de-bandes\/","title":{"rendered":"Seizenn &#8211; un outil pour le tissage de bandes"},"content":{"rendered":"<h1>Pr\u00e9sentation<\/h1>\n<p>Seizenn est un outil destin\u00e9 \u00e0 dessiner des patrons de bandes tiss\u00e9es. Il permet de simuler plusieurs techniques :<\/p>\n<ul>\n<li>le tissage simple en armure toile, c&#8217;est le fonctionnement par d\u00e9faut ;<img loading=\"lazy\" decoding=\"async\" class=\"wp-image-62 size-medium\" src=\"http:\/\/www.raktres.net\/blog\/wp-content\/uploads\/2018\/05\/zJSalVZJ-135x300.png\" alt=\"http:\/\/raktres.net\/l\/6\" width=\"135\" height=\"300\" srcset=\"https:\/\/www.raktres.net\/blog\/wp-content\/uploads\/2018\/05\/zJSalVZJ-135x300.png 135w, https:\/\/www.raktres.net\/blog\/wp-content\/uploads\/2018\/05\/zJSalVZJ.png 360w\" sizes=\"(max-width: 135px) 85vw, 135px\" \/><\/li>\n<li>le &#8220;pickup&#8221; (&#8220;prendre&#8221; en anglais), le fait de maintenir ponctuellement un fil de cha\u00eene au dessus alors qu&#8217;il devrait passer en dessous et le &#8220;drop&#8221; (&#8220;laisser&#8221; en anglais), le fait de maintenir en dessous un fil qui devrait passer au dessus ; <img loading=\"lazy\" decoding=\"async\" class=\"wp-image-170 size-medium\" src=\"http:\/\/www.raktres.net\/blog\/wp-content\/uploads\/2018\/07\/loom_tp-82x300.png\" alt=\"http:\/\/raktres.net\/l\/tp\" width=\"82\" height=\"300\" srcset=\"https:\/\/www.raktres.net\/blog\/wp-content\/uploads\/2018\/07\/loom_tp-82x300.png 82w, https:\/\/www.raktres.net\/blog\/wp-content\/uploads\/2018\/07\/loom_tp-281x1024.png 281w, https:\/\/www.raktres.net\/blog\/wp-content\/uploads\/2018\/07\/loom_tp.png 500w\" sizes=\"(max-width: 82px) 85vw, 82px\" \/><\/li>\n<li>l&#8217;utilisation de couleurs alternatives : un deuxi\u00e8me fil de chaine est ajout\u00e9 ce qui permet de changer de couleur en choisissant lequel des deux passe au dessus.<img loading=\"lazy\" decoding=\"async\" class=\"size-medium wp-image-434\" src=\"http:\/\/www.raktres.net\/blog\/wp-content\/uploads\/2018\/11\/loom_u0-167x300.png\" alt=\"\" width=\"167\" height=\"300\" srcset=\"https:\/\/www.raktres.net\/blog\/wp-content\/uploads\/2018\/11\/loom_u0-167x300.png 167w, https:\/\/www.raktres.net\/blog\/wp-content\/uploads\/2018\/11\/loom_u0.png 500w\" sizes=\"(max-width: 167px) 85vw, 167px\" \/><\/li>\n<\/ul>\n<p>L&#8217;\u00e9cran est s\u00e9par\u00e9 en trois parties :<\/p>\n<ul>\n<li>le menu en haut qui permet d&#8217;acc\u00e9der au blog ;<\/li>\n<li>la barre de commande \u00e0 gauche, pour choisir un outil ;<\/li>\n<li>l&#8217;\u00e9cran de dessin au centre, pour agir sur le motif avec la souris.<\/li>\n<\/ul>\n<p><img loading=\"lazy\" decoding=\"async\" class=\"aligncenter wp-image-470 size-full\" src=\"http:\/\/www.raktres.net\/blog\/wp-content\/uploads\/2018\/12\/seizenn_capt_1.png\" alt=\"\" width=\"874\" height=\"900\" srcset=\"https:\/\/www.raktres.net\/blog\/wp-content\/uploads\/2018\/12\/seizenn_capt_1.png 874w, https:\/\/www.raktres.net\/blog\/wp-content\/uploads\/2018\/12\/seizenn_capt_1-291x300.png 291w, https:\/\/www.raktres.net\/blog\/wp-content\/uploads\/2018\/12\/seizenn_capt_1-768x791.png 768w\" sizes=\"(max-width: 709px) 85vw, (max-width: 909px) 67vw, (max-width: 1362px) 62vw, 840px\" \/><\/p>\n<p>L&#8217;outil peut \u00eatre enregistr\u00e9 en local pour \u00eatre utilis\u00e9 sans connexion internet. Pour cela, aller dans le menu &#8220;Fichier&#8221; du navigateur (la forme peut changer un peu en fonction du navigateur) :<\/p>\n<h1><img loading=\"lazy\" decoding=\"async\" class=\"alignnone wp-image-493 size-full\" src=\"http:\/\/www.raktres.net\/blog\/wp-content\/uploads\/2019\/01\/sei_scrren_2.jpg\" alt=\"\" width=\"362\" height=\"309\" srcset=\"https:\/\/www.raktres.net\/blog\/wp-content\/uploads\/2019\/01\/sei_scrren_2.jpg 362w, https:\/\/www.raktres.net\/blog\/wp-content\/uploads\/2019\/01\/sei_scrren_2-300x256.jpg 300w\" sizes=\"(max-width: 362px) 85vw, 362px\" \/><\/h1>\n<p>et s\u00e9lectionner l&#8217;option &#8220;page comp\u00e8te&#8221;<\/p>\n<p><img loading=\"lazy\" decoding=\"async\" class=\"alignnone wp-image-494 size-full\" src=\"http:\/\/www.raktres.net\/blog\/wp-content\/uploads\/2019\/01\/sei_screen_1.jpg\" alt=\"\" width=\"585\" height=\"109\" srcset=\"https:\/\/www.raktres.net\/blog\/wp-content\/uploads\/2019\/01\/sei_screen_1.jpg 585w, https:\/\/www.raktres.net\/blog\/wp-content\/uploads\/2019\/01\/sei_screen_1-300x56.jpg 300w\" sizes=\"(max-width: 585px) 85vw, 585px\" \/><\/p>\n<h1>Les commandes<\/h1>\n<p>Le menu de gauche donne acc\u00e8s aux diff\u00e9rentes commandes. Les sous-menus peuvent \u00eatre pli\u00e9s ou d\u00e9pli\u00e9s en cliquant sur le titre (par exemple par d\u00e9faut le sous-menu \u00abdisplay options\u00bb est repli\u00e9).<\/p>\n<h2>La s\u00e9lection du mode<\/h2>\n<p>Permet de choisir entre \u00abplain\u00bb, \u00abpickup\u00bb \u00abdrop\u00bb et \u00abdual\u00bb. En fonction du mode, les commandes accessibles sont diff\u00e9rentes et l&#8217;\u00e9cran de dessin r\u00e9agit diff\u00e9remment.<\/p>\n<p>La case \u00e0 cocher \u00abSymmetrical click\u00bb permet de dupliquer automatiquement toute action pour cr\u00e9er un motif sym\u00e9trique.<\/p>\n<p>Des raccourcis claviers permettent de passer rapidement d&#8217;un mode \u00e0 l&#8217;autre.<\/p>\n<h2>Les palettes de couleurs<\/h2>\n<p>L&#8217;outil s&#8217;appuie sur deux palettes de couleurs. Tout d&#8217;abord la palette principale (\u00abglobal color pallet\u00bb) qui repr\u00e9sente toutes les couleurs \u00e0 votre disposition. C&#8217;est le principe du panier contenant toutes les bobines de fils. \u00c0 partir de cette palette principal, une s\u00e9lection est faite pour d\u00e9finir la palette du motif en cours (\u00ab loom color pallet \u00bb). Ce sont les pelottes que vous avez choisi pour faire votre tissage.<\/p>\n<p>Il est possible d&#8217;ajouter (<em>add<\/em>), retirer\u00a0(<em>remove<\/em>) ou modifier des couleurs dans la palette principale. Les modifications se font via la petite fenetre \u00ab<em>color chooser<\/em>\u00bb.<\/p>\n<p>Les boutons dans \u00ab<em>manage your local color pallet\u00bb <\/em>servent \u00e0 s\u00e9lectionner les couleurs de votre tissage. Le bouton \u00abclean\u00bb retire de votre palette les couleurs qui ne sont pas effectivement utilis\u00e9es dans le tissage.<\/p>\n<p>les boutons \u00abrotate L\u00bb \u00abshuffle\u00bb (m\u00e9lange) et \u00abrotate R\u00bb modifient l&#8217;ordre des couleurs dans le tissage.<\/p>\n<p>La palette est cach\u00e9e en mode \u00abpickup\u00bb.<\/p>\n<h2>Taille de bande<\/h2>\n<p>Le sous-menu \u00abloom parameters\u00bb permet en mode \u00abplain\u00bb de modifier la largeur de la bande. En mode \u00abpickup\u00bb ou \u00abdual\u00bb il est possible de modifier la longueur de la bande.<\/p>\n<p>&nbsp;<\/p>\n<h2>Outils<\/h2>\n<p>Le sous-menu \u00abTools\u00bb donne acc\u00e8s \u00e0 des outils de modification du motif.<\/p>\n<h2>Enregistrement<\/h2>\n<p>Seizenn offre plusieurs possibilit\u00e9s pour enregistrer un motif. Les principales sont regroup\u00e9es dans le sous-menu \u00abSave, Export\u00bb.<\/p>\n<p>Tout d&#8217;abord \u00e0 chaque modification du motif, un lien est cr\u00e9\u00e9 dans \u00abdirect link\u00bb qui permet d&#8217;acc\u00e9der \u00e0 ce motif. En enregistrant ce lien (click droit puis \u00abenregistrer le lien sous\u00bb ou \u00abcopier\u00bb puis en collant dans un \u00e9diteur de texte) il est possible de retrouver un motif.<\/p>\n<p>Ce mode d&#8217;enregistrement ne permet cependant pas de partager un motif. Il faut pour cela cliquer sur le bouton \u00absave\u00bb. Une fen\u00eatre appara\u00eet alors indiquant<\/p>\n<pre><img loading=\"lazy\" decoding=\"async\" class=\"aligncenter wp-image-407 size-full\" src=\"http:\/\/www.raktres.net\/blog\/wp-content\/uploads\/2018\/10\/controlcode.jpg\" alt=\"\" width=\"680\" height=\"335\" srcset=\"https:\/\/www.raktres.net\/blog\/wp-content\/uploads\/2018\/10\/controlcode.jpg 680w, https:\/\/www.raktres.net\/blog\/wp-content\/uploads\/2018\/10\/controlcode-300x148.jpg 300w\" sizes=\"(max-width: 680px) 85vw, 680px\" \/><\/pre>\n<p>Dans cet exemple, &#8220;H1&#8221; est le code court du motif. Le lien http:\/\/raktres.net\/l\/H1 peut \u00eatre diffus\u00e9 et toute personne pourra l&#8217;utiliser pour ouvrir votre motif.<\/p>\n<p>Le code de contr\u00f4le &#8220;a856&#8221; sert \u00e0 enregistrer le motif dans la galerie <a href=\"http:\/\/www.raktres.net\/blog\/seizenn-public-gallery\/\">http:\/\/www.raktres.net\/blog\/seizenn-public-gallery\/<\/a>. Pour cela il faut aller sur la page <a href=\"http:\/\/www.raktres.net\/blog\/seizenn-register-a-pattern\/\">http:\/\/www.raktres.net\/blog\/seizenn-register-a-pattern\/<\/a>.<\/p>\n<p>Cette fonction n&#8217;est utilisable que si l&#8217;ordinateur est connect\u00e9 \u00e0 internet.<\/p>\n<h2>\u00c9dition des param\u00e8tres<\/h2>\n<p>Dans \u00abloom parameters\u00bb, il y a un sous-menu qui permet d&#8217;agir directement sur param\u00e8tres du motif. C&#8217;est un outil pour les utilisateurs avanc\u00e9s.<\/p>\n<h1>Le blog<\/h1>\n<h2>Enregistrement dans la galerie<\/h2>\n<h2>La galerie<\/h2>\n<h2>Comparaison de bandes<\/h2>\n<h1>Astuces<\/h1>\n<h2>Assembler deux bandes<\/h2>\n<p>Tr\u00e8s simple en passant par \u00abtexte Editor\u00bb<\/p>\n<p>&nbsp;<\/p>\n","protected":false},"excerpt":{"rendered":"<p>Pr\u00e9sentation Seizenn est un outil destin\u00e9 \u00e0 dessiner des patrons de bandes tiss\u00e9es. Il permet de simuler plusieurs techniques : le tissage simple en armure toile, c&#8217;est le fonctionnement par d\u00e9faut ; le &#8220;pickup&#8221; (&#8220;prendre&#8221; en anglais), le fait de maintenir ponctuellement un fil de cha\u00eene au dessus alors qu&#8217;il devrait passer en dessous et &hellip; <a href=\"https:\/\/www.raktres.net\/blog\/seizenn-un-outil-pour-le-tissage-de-bandes\/\" class=\"more-link\">Continue reading<span class=\"screen-reader-text\"> &#8220;Seizenn &#8211; un outil pour le tissage de bandes&#8221;<\/span><\/a><\/p>\n","protected":false},"author":2,"featured_media":0,"parent":0,"menu_order":0,"comment_status":"closed","ping_status":"closed","template":"","meta":{"footnotes":""},"class_list":["post-481","page","type-page","status-publish","hentry"],"_links":{"self":[{"href":"https:\/\/www.raktres.net\/blog\/wp-json\/wp\/v2\/pages\/481"}],"collection":[{"href":"https:\/\/www.raktres.net\/blog\/wp-json\/wp\/v2\/pages"}],"about":[{"href":"https:\/\/www.raktres.net\/blog\/wp-json\/wp\/v2\/types\/page"}],"author":[{"embeddable":true,"href":"https:\/\/www.raktres.net\/blog\/wp-json\/wp\/v2\/users\/2"}],"replies":[{"embeddable":true,"href":"https:\/\/www.raktres.net\/blog\/wp-json\/wp\/v2\/comments?post=481"}],"version-history":[{"count":14,"href":"https:\/\/www.raktres.net\/blog\/wp-json\/wp\/v2\/pages\/481\/revisions"}],"predecessor-version":[{"id":823,"href":"https:\/\/www.raktres.net\/blog\/wp-json\/wp\/v2\/pages\/481\/revisions\/823"}],"wp:attachment":[{"href":"https:\/\/www.raktres.net\/blog\/wp-json\/wp\/v2\/media?parent=481"}],"curies":[{"name":"wp","href":"https:\/\/api.w.org\/{rel}","templated":true}]}}